{"id":27,"date":"2024-07-09T12:40:40","date_gmt":"2024-07-09T10:40:40","guid":{"rendered":"http:\/\/xn--owietleniedomu-5xc.pl\/?page_id=27"},"modified":"2025-05-20T14:32:25","modified_gmt":"2025-05-20T12:32:25","slug":"zasady-wspolpracy","status":"publish","type":"page","link":"https:\/\/xn--owietleniedomu-5xc.pl\/?page_id=27","title":{"rendered":"Zasady wsp\u00f3\u0142pracy"},"content":{"rendered":"\n<p>Oferta w przygotowaniu.<\/p>\n\n\n\n<p>W przypadku pyta\u0144 zapraszamy do <a href=\"http:\/\/xn--owietleniedomu-5xc.pl\/?page_id=24\">kontaktu<\/a>.<\/p>\n","protected":false},"excerpt":{"rendered":"<p>Oferta w przygotowaniu. W przypadku pyta\u0144 zapraszamy do kontaktu.<\/p>\n","protected":false},"author":1,"featured_media":0,"parent":0,"menu_order":0,"comment_status":"closed","ping_status":"closed","template":"","meta":{"footnotes":""},"class_list":["post-27","page","type-page","status-publish","hentry"],"aioseo_notices":[],"yoast_head":"<!-- This site is optimized with the Yoast SEO plugin v27.4 - https:\/\/yoast.com\/product\/yoast-seo-wordpress\/ -->\n<title>Zasady wsp\u00f3\u0142pracy - o\u015bwietleniedomu.pl<\/title>\n<meta name=\"robots\" content=\"index, follow, max-snippet:-1, max-image-preview:large, max-video-preview:-1\" \/>\n<link rel=\"canonical\" href=\"https:\/\/xn--owietleniedomu-5xc.pl\/?page_id=27\" \/>\n<meta property=\"og:locale\" content=\"pl_PL\" \/>\n<meta property=\"og:type\" content=\"article\" \/>\n<meta property=\"og:title\" content=\"Zasady wsp\u00f3\u0142pracy - o\u015bwietleniedomu.pl\" \/>\n<meta property=\"og:description\" content=\"Oferta w przygotowaniu. W przypadku pyta\u0144 zapraszamy do kontaktu.\" \/>\n<meta property=\"og:url\" content=\"https:\/\/xn--owietleniedomu-5xc.pl\/?page_id=27\" \/>\n<meta property=\"og:site_name\" content=\"o\u015bwietleniedomu.pl\" \/>\n<meta property=\"article:modified_time\" content=\"2025-05-20T12:32:25+00:00\" \/>\n<meta name=\"twitter:card\" content=\"summary_large_image\" \/>\n<meta name=\"twitter:label1\" content=\"Szacowany czas czytania\" \/>\n\t<meta name=\"twitter:data1\" content=\"1 minuta\" \/>\n<script type=\"application\/ld+json\" class=\"yoast-schema-graph\">{\"@context\":\"https:\\\/\\\/schema.org\",\"@graph\":[{\"@type\":\"WebPage\",\"@id\":\"https:\\\/\\\/xn--owietleniedomu-5xc.pl\\\/?page_id=27\",\"url\":\"https:\\\/\\\/xn--owietleniedomu-5xc.pl\\\/?page_id=27\",\"name\":\"Zasady wsp\u00f3\u0142pracy - o\u015bwietleniedomu.pl\",\"isPartOf\":{\"@id\":\"https:\\\/\\\/xn--owietleniedomu-5xc.pl\\\/#website\"},\"datePublished\":\"2024-07-09T10:40:40+00:00\",\"dateModified\":\"2025-05-20T12:32:25+00:00\",\"breadcrumb\":{\"@id\":\"https:\\\/\\\/xn--owietleniedomu-5xc.pl\\\/?page_id=27#breadcrumb\"},\"inLanguage\":\"pl-PL\",\"potentialAction\":[{\"@type\":\"ReadAction\",\"target\":[\"https:\\\/\\\/xn--owietleniedomu-5xc.pl\\\/?page_id=27\"]}]},{\"@type\":\"BreadcrumbList\",\"@id\":\"https:\\\/\\\/xn--owietleniedomu-5xc.pl\\\/?page_id=27#breadcrumb\",\"itemListElement\":[{\"@type\":\"ListItem\",\"position\":1,\"name\":\"Home\",\"item\":\"https:\\\/\\\/xn--owietleniedomu-5xc.pl\\\/\"},{\"@type\":\"ListItem\",\"position\":2,\"name\":\"Zasady wsp\u00f3\u0142pracy\"}]},{\"@type\":\"WebSite\",\"@id\":\"https:\\\/\\\/xn--owietleniedomu-5xc.pl\\\/#website\",\"url\":\"https:\\\/\\\/xn--owietleniedomu-5xc.pl\\\/\",\"name\":\"o\u015bwietleniedomu.pl\",\"description\":\"Roz\u015bwietlamy Tw\u00f3j Dom, Tworz\u0105c Niezapomniane Klimaty!\",\"potentialAction\":[{\"@type\":\"SearchAction\",\"target\":{\"@type\":\"EntryPoint\",\"urlTemplate\":\"https:\\\/\\\/xn--owietleniedomu-5xc.pl\\\/?s={search_term_string}\"},\"query-input\":{\"@type\":\"PropertyValueSpecification\",\"valueRequired\":true,\"valueName\":\"search_term_string\"}}],\"inLanguage\":\"pl-PL\"}]}<\/script>\n<!-- \/ Yoast SEO plugin. -->","yoast_head_json":{"title":"Zasady wsp\u00f3\u0142pracy - o\u015bwietleniedomu.pl","robots":{"index":"index","follow":"follow","max-snippet":"max-snippet:-1","max-image-preview":"max-image-preview:large","max-video-preview":"max-video-preview:-1"},"canonical":"https:\/\/xn--owietleniedomu-5xc.pl\/?page_id=27","og_locale":"pl_PL","og_type":"article","og_title":"Zasady wsp\u00f3\u0142pracy - o\u015bwietleniedomu.pl","og_description":"Oferta w przygotowaniu. W przypadku pyta\u0144 zapraszamy do kontaktu.","og_url":"https:\/\/xn--owietleniedomu-5xc.pl\/?page_id=27","og_site_name":"o\u015bwietleniedomu.pl","article_modified_time":"2025-05-20T12:32:25+00:00","twitter_card":"summary_large_image","twitter_misc":{"Szacowany czas czytania":"1 minuta"},"schema":{"@context":"https:\/\/schema.org","@graph":[{"@type":"WebPage","@id":"https:\/\/xn--owietleniedomu-5xc.pl\/?page_id=27","url":"https:\/\/xn--owietleniedomu-5xc.pl\/?page_id=27","name":"Zasady wsp\u00f3\u0142pracy - o\u015bwietleniedomu.pl","isPartOf":{"@id":"https:\/\/xn--owietleniedomu-5xc.pl\/#website"},"datePublished":"2024-07-09T10:40:40+00:00","dateModified":"2025-05-20T12:32:25+00:00","breadcrumb":{"@id":"https:\/\/xn--owietleniedomu-5xc.pl\/?page_id=27#breadcrumb"},"inLanguage":"pl-PL","potentialAction":[{"@type":"ReadAction","target":["https:\/\/xn--owietleniedomu-5xc.pl\/?page_id=27"]}]},{"@type":"BreadcrumbList","@id":"https:\/\/xn--owietleniedomu-5xc.pl\/?page_id=27#breadcrumb","itemListElement":[{"@type":"ListItem","position":1,"name":"Home","item":"https:\/\/xn--owietleniedomu-5xc.pl\/"},{"@type":"ListItem","position":2,"name":"Zasady wsp\u00f3\u0142pracy"}]},{"@type":"WebSite","@id":"https:\/\/xn--owietleniedomu-5xc.pl\/#website","url":"https:\/\/xn--owietleniedomu-5xc.pl\/","name":"o\u015bwietleniedomu.pl","description":"Roz\u015bwietlamy Tw\u00f3j Dom, Tworz\u0105c Niezapomniane Klimaty!","potentialAction":[{"@type":"SearchAction","target":{"@type":"EntryPoint","urlTemplate":"https:\/\/xn--owietleniedomu-5xc.pl\/?s={search_term_string}"},"query-input":{"@type":"PropertyValueSpecification","valueRequired":true,"valueName":"search_term_string"}}],"inLanguage":"pl-PL"}]}},"_links":{"self":[{"href":"https:\/\/xn--owietleniedomu-5xc.pl\/index.php?rest_route=\/wp\/v2\/pages\/27","targetHints":{"allow":["GET"]}}],"collection":[{"href":"https:\/\/xn--owietleniedomu-5xc.pl\/index.php?rest_route=\/wp\/v2\/pages"}],"about":[{"href":"https:\/\/xn--owietleniedomu-5xc.pl\/index.php?rest_route=\/wp\/v2\/types\/page"}],"author":[{"embeddable":true,"href":"https:\/\/xn--owietleniedomu-5xc.pl\/index.php?rest_route=\/wp\/v2\/users\/1"}],"replies":[{"embeddable":true,"href":"https:\/\/xn--owietleniedomu-5xc.pl\/index.php?rest_route=%2Fwp%2Fv2%2Fcomments&post=27"}],"version-history":[{"count":1,"href":"https:\/\/xn--owietleniedomu-5xc.pl\/index.php?rest_route=\/wp\/v2\/pages\/27\/revisions"}],"predecessor-version":[{"id":28,"href":"https:\/\/xn--owietleniedomu-5xc.pl\/index.php?rest_route=\/wp\/v2\/pages\/27\/revisions\/28"}],"wp:attachment":[{"href":"https:\/\/xn--owietleniedomu-5xc.pl\/index.php?rest_route=%2Fwp%2Fv2%2Fmedia&parent=27"}],"curies":[{"name":"wp","href":"https:\/\/api.w.org\/{rel}","templated":true}]}}